{"id":151,"date":"2024-09-23T08:28:31","date_gmt":"2024-09-23T08:28:31","guid":{"rendered":"https:\/\/physioteam-buxtehude.de\/?page_id=151"},"modified":"2024-10-17T12:40:21","modified_gmt":"2024-10-17T12:40:21","slug":"impressum","status":"publish","type":"page","link":"https:\/\/physioteam-buxtehude.de\/index.php\/impressum\/","title":{"rendered":"Impressum"},"content":{"rendered":"\t\t<div data-elementor-type=\"wp-page\" data-elementor-id=\"151\" class=\"elementor elementor-151\" data-elementor-post-type=\"page\">\n\t\t\t\t<div class=\"elementor-element elementor-element-dc02257 e-flex e-con-boxed e-con e-parent\" data-id=\"dc02257\" data-element_type=\"container\" data-e-type=\"container\" data-settings=\"{&quot;background_background&quot;:&quot;gradient&quot;}\">\n\t\t\t\t\t<div class=\"e-con-inner\">\n\t\t<div class=\"elementor-element elementor-element-207bafb e-con-full e-flex e-con e-child\" data-id=\"207bafb\" data-element_type=\"container\" data-e-type=\"container\">\n\t\t<div class=\"elementor-element elementor-element-c3a9767 e-con-full e-flex e-con e-child\" data-id=\"c3a9767\" data-element_type=\"container\" data-e-type=\"container\">\n\t\t\t\t<div class=\"elementor-element elementor-element-b44642a elementor-widget__width-initial animated-slow elementor-invisible elementor-widget elementor-widget-heading\" data-id=\"b44642a\" data-element_type=\"widget\" data-e-type=\"widget\" data-settings=\"{&quot;_animation&quot;:&quot;fadeIn&quot;,&quot;_animation_delay&quot;:400}\" data-widget_type=\"heading.default\">\n\t\t\t\t<div class=\"elementor-widget-container\">\n\t\t\t\t\t<h1 class=\"elementor-heading-title elementor-size-default\">IMPRESSUM<\/h1>\t\t\t\t<\/div>\n\t\t\t\t<\/div>\n\t\t\t\t<div class=\"elementor-element elementor-element-a9b413b elementor-widget elementor-widget-text-editor\" data-id=\"a9b413b\" data-element_type=\"widget\" data-e-type=\"widget\" data-widget_type=\"text-editor.default\">\n\t\t\t\t<div class=\"elementor-widget-container\">\n\t\t\t\t\t\t\t\t\tPhysio am ZOB <br>\nBleicherstra\u00dfe 11<br>\n21614 Buxtehude<br>\nTelefon 04161 \/ 64 15 91<br>\ninfo@praxis-portugall.de<br>\n<br>\nPhysio Treuhand GmbH<br>\nGro\u00dfe Elbstra\u00dfe 281<br>\n22767 Hamburg<br>\nHandelsregister: 170874<br>\nRegistergericht: Amtsgericht Hamburg<br>\nVertreten durch: Johannes G\u00f6nnenwein<br><br>\n\nUmsatzsteuer-ID<br>\nUmsatzsteuer-Identifikationsnummer gem\u00e4\u00df \u00a7 27 a Umsatzsteuergesetz: DE352562451\n<br><br>\nBerufsbezeichnung und berufsrechtliche Regelungen<br>\nBerufsbezeichnung: Physiotherapeut<br>\nFachliche Leitung: Vanessa Koch\n<br><br>\nEs gelten folgende berufsrechtliche Regelungen:<br>\nGesetz \u00fcber die Berufe in der Physiotherapie Masseur- und Physiotherapeutengesetz \u2013 MPhG,<br>\neinsehbar unter: https:\/\/www.gesetze-im-internet.de\/mphg\/BJNR108400994.html<br>\nHeilpraktikergesetz<br>\neinsehbar unter: https:\/\/www.gesetze-im-internet.de\/heilprg\/BJNR002510939.html\nAusbildungs- und Pr\u00fcfungsverordnung f\u00fcr Physiotherapeuten\neinsehbar unter: https:\/\/www.gesetze-im-internet.de\/physth-aprv\/BJNR378600994.html\n<br><br>\nAngaben zur Berufshaftpflichtversicherung\nName und Sitz des Versicherers:<br>\nBaloise Sachversicherung AG Deutschland<br>\nBasler Stra\u00dfe 4, 61352 Bad Homburg v.d.H.<br>\nhttps:\/\/www.baloise.de\/de\/privatkunden.html<br>\nGeltungsraum der Versicherung: Deutschland\n<br><br>\nEU-Streitschlichtung<br>\nDie Europ\u00e4ische Kommission stellt eine Plattform zur Online-Streitbeilegung (OS) bereit: https:\/\/ec.europa.eu\/consumers\/odr\/<br>\nUnsere E-Mail-Adresse finden Sie oben im Impressum.\n<br><br>\nVerbraucherstreitbeilegung\/Universalschlichtungsstelle<br>\nWir sind nicht bereit oder verpflichtet, an Streitbeilegungsverfahren vor einer Verbraucherschlichtungsstelle teilzunehmen.\t\t\t\t\t\t\t\t<\/div>\n\t\t\t\t<\/div>\n\t\t\t\t<\/div>\n\t\t\t\t<\/div>\n\t\t\t\t\t<\/div>\n\t\t\t\t<\/div>\n\t\t\t\t<\/div>\n\t\t","protected":false},"excerpt":{"rendered":"<p>IMPRESSUM Physio am ZOB Bleicherstra\u00dfe 11 21614 Buxtehude Telefon 04161 \/ 64 15 91 info@praxis-portugall.de Physio Treuhand GmbH Gro\u00dfe Elbstra\u00dfe 281 22767 Hamburg Handelsregister: 170874 Registergericht: Amtsgericht Hamburg Vertreten durch: Johannes G\u00f6nnenwein Umsatzsteuer-ID Umsatzsteuer-Identifikationsnummer gem\u00e4\u00df \u00a7 27 a Umsatzsteuergesetz: DE352562451 Berufsbezeichnung und berufsrechtliche Regelungen Berufsbezeichnung: Physiotherapeut Fachliche Leitung: Vanessa Koch Es gelten folgende berufsrechtliche Regelungen:&hellip;&nbsp;<a href=\"https:\/\/physioteam-buxtehude.de\/index.php\/impressum\/\" rel=\"bookmark\">Weiterlesen &raquo;<span class=\"screen-reader-text\">Impressum<\/span><\/a><\/p>\n","protected":false},"author":1,"featured_media":0,"parent":0,"menu_order":0,"comment_status":"closed","ping_status":"closed","template":"page-templates\/template-pagebuilder-full-width.php","meta":{"neve_meta_sidebar":"","neve_meta_container":"","neve_meta_enable_content_width":"","neve_meta_content_width":0,"neve_meta_title_alignment":"","neve_meta_author_avatar":"","neve_post_elements_order":"","neve_meta_disable_header":"","neve_meta_disable_footer":"","neve_meta_disable_title":"","footnotes":""},"class_list":["post-151","page","type-page","status-publish","hentry"],"_links":{"self":[{"href":"https:\/\/physioteam-buxtehude.de\/index.php\/wp-json\/wp\/v2\/pages\/151","targetHints":{"allow":["GET"]}}],"collection":[{"href":"https:\/\/physioteam-buxtehude.de\/index.php\/wp-json\/wp\/v2\/pages"}],"about":[{"href":"https:\/\/physioteam-buxtehude.de\/index.php\/wp-json\/wp\/v2\/types\/page"}],"author":[{"embeddable":true,"href":"https:\/\/physioteam-buxtehude.de\/index.php\/wp-json\/wp\/v2\/users\/1"}],"replies":[{"embeddable":true,"href":"https:\/\/physioteam-buxtehude.de\/index.php\/wp-json\/wp\/v2\/comments?post=151"}],"version-history":[{"count":7,"href":"https:\/\/physioteam-buxtehude.de\/index.php\/wp-json\/wp\/v2\/pages\/151\/revisions"}],"predecessor-version":[{"id":434,"href":"https:\/\/physioteam-buxtehude.de\/index.php\/wp-json\/wp\/v2\/pages\/151\/revisions\/434"}],"wp:attachment":[{"href":"https:\/\/physioteam-buxtehude.de\/index.php\/wp-json\/wp\/v2\/media?parent=151"}],"curies":[{"name":"wp","href":"https:\/\/api.w.org\/{rel}","templated":true}]}}